{"id":7128,"date":"2023-12-06T16:05:19","date_gmt":"2023-12-06T16:05:19","guid":{"rendered":"https:\/\/www.fundauney.org\/?page_id=7128"},"modified":"2024-03-21T15:58:00","modified_gmt":"2024-03-21T15:58:00","slug":"ofertas-academicas","status":"publish","type":"page","link":"https:\/\/www.fundauney.org\/?page_id=7128","title":{"rendered":"Oferta acad\u00e9mica"},"content":{"rendered":"\n<div class=\"wp-block-columns is-layout-flex wp-container-core-columns-is-layout-9d6595d7 wp-block-columns-is-layout-flex\">\n<div class=\"wp-block-column is-layout-flow wp-block-column-is-layout-flow\">\n<figure class=\"wp-block-embed is-type-video is-provider-youtube wp-block-embed-youtube wp-embed-aspect-16-9 wp-has-aspect-ratio\"><div class=\"wp-block-embed__wrapper\">\n<iframe title=\"Oferta Acad\u00e9mica Postdoctorados UNEY: POL\u00cdTICAS P\u00daBLICAS Y EDUCACI\u00d3N.\" width=\"1150\" height=\"647\" src=\"https:\/\/www.youtube.com\/embed\/rbFH7ahjQzk?feature=oembed\" frameborder=\"0\" allow=\"accelerometer; autoplay; clipboard-write; encrypted-media; gyroscope; picture-in-picture; web-share\" allowfullscreen><\/iframe>\n<\/div><\/figure>\n<\/div>\n\n\n\n<div class=\"wp-block-column is-layout-flow wp-block-column-is-layout-flow\">\n<figure class=\"wp-block-embed is-type-video is-provider-youtube wp-block-embed-youtube wp-embed-aspect-16-9 wp-has-aspect-ratio\"><div class=\"wp-block-embed__wrapper\">\n<iframe title=\"Oferta Acad\u00e9mica Postdoctorados UNEY: HERMEN\u00c9UTICA Y LA INTERPRETACI\u00d3N CIENT\u00cdFICA.\" width=\"1150\" height=\"647\" src=\"https:\/\/www.youtube.com\/embed\/5HeV94m4Itk?feature=oembed\" frameborder=\"0\" allow=\"accelerometer; autoplay; clipboard-write; encrypted-media; gyroscope; picture-in-picture; web-share\" allowfullscreen><\/iframe>\n<\/div><\/figure>\n<\/div>\n\n\n\n<div class=\"wp-block-column is-layout-flow wp-block-column-is-layout-flow\">\n<figure class=\"wp-block-embed is-type-video is-provider-youtube wp-block-embed-youtube wp-embed-aspect-16-9 wp-has-aspect-ratio\"><div class=\"wp-block-embed__wrapper\">\n<iframe title=\"Oferta Acad\u00e9mica Postdoctorados UNEY: CRIMINAL\u00cdSTICA E INVESTIGACI\u00d3N PENAL.\" width=\"1150\" height=\"647\" src=\"https:\/\/www.youtube.com\/embed\/qH4Xr1I5OMc?feature=oembed\" frameborder=\"0\" allow=\"accelerometer; autoplay; clipboard-write; encrypted-media; gyroscope; picture-in-picture; web-share\" allowfullscreen><\/iframe>\n<\/div><\/figure>\n<\/div>\n<\/div>\n\n\n\n<div class=\"wp-block-columns is-layout-flex wp-container-core-columns-is-layout-9d6595d7 wp-block-columns-is-layout-flex\">\n<div class=\"wp-block-column is-layout-flow wp-block-column-is-layout-flow\">\n<figure class=\"wp-block-embed is-type-video is-provider-youtube wp-block-embed-youtube wp-embed-aspect-16-9 wp-has-aspect-ratio\"><div class=\"wp-block-embed__wrapper\">\n<iframe title=\"Oferta Acad\u00e9mica Postdoctorados UNEY: FILOSOF\u00cdA E INVESTIGACI\u00d3N.\" width=\"1150\" height=\"647\" src=\"https:\/\/www.youtube.com\/embed\/qqDE04zDp6g?feature=oembed\" frameborder=\"0\" allow=\"accelerometer; autoplay; clipboard-write; encrypted-media; gyroscope; picture-in-picture; web-share\" allowfullscreen><\/iframe>\n<\/div><\/figure>\n<\/div>\n\n\n\n<div class=\"wp-block-column is-layout-flow wp-block-column-is-layout-flow\">\n<figure class=\"wp-block-embed is-type-video is-provider-youtube wp-block-embed-youtube wp-embed-aspect-16-9 wp-has-aspect-ratio\"><div class=\"wp-block-embed__wrapper\">\n<iframe title=\"Oferta Acad\u00e9mica Postdoctorados UNEY: GERENCIA POSTCONVENCIONAL.\" width=\"1150\" height=\"647\" src=\"https:\/\/www.youtube.com\/embed\/_RkIxeRYXhA?feature=oembed\" frameborder=\"0\" allow=\"accelerometer; autoplay; clipboard-write; encrypted-media; gyroscope; picture-in-picture; web-share\" allowfullscreen><\/iframe>\n<\/div><\/figure>\n<\/div>\n\n\n\n<div class=\"wp-block-column is-layout-flow wp-block-column-is-layout-flow\">\n<div class=\"wp-block-buttons is-layout-flex wp-block-buttons-is-layout-flex\">\n<div class=\"wp-block-button\"><a class=\"wp-block-button__link wp-element-button\" href=\"https:\/\/drive.google.com\/file\/d\/1jeeTLgzbsw6ruJc99fc5mVVjhsQSk2rB\/view?usp=sharing\">Ir a catalago<\/a><\/div>\n<\/div>\n<\/div>\n<\/div>\n\n\n\n<div class=\"wp-block-columns is-layout-flex wp-container-core-columns-is-layout-9d6595d7 wp-block-columns-is-layout-flex\">\n<div class=\"wp-block-column is-layout-flow wp-block-column-is-layout-flow\">\n<figure class=\"wp-block-embed is-type-video is-provider-youtube wp-block-embed-youtube wp-embed-aspect-16-9 wp-has-aspect-ratio\"><div class=\"wp-block-embed__wrapper\">\n<iframe title=\"Oferta Acad\u00e9mica Postdoctorados UNEY: SEGURIDAD CIUDADANA Y PAZ.\" width=\"1150\" height=\"647\" src=\"https:\/\/www.youtube.com\/embed\/MH2pHrLd6cc?feature=oembed\" frameborder=\"0\" allow=\"accelerometer; autoplay; clipboard-write; encrypted-media; gyroscope; picture-in-picture; web-share\" allowfullscreen><\/iframe>\n<\/div><\/figure>\n<\/div>\n\n\n\n<div class=\"wp-block-column is-layout-flow wp-block-column-is-layout-flow\">\n<figure class=\"wp-block-embed is-type-video is-provider-youtube wp-block-embed-youtube wp-embed-aspect-16-9 wp-has-aspect-ratio\"><div class=\"wp-block-embed__wrapper\">\n<iframe title=\"Oferta Acad\u00e9mica Postdoctorados UNEY: EDUCACI\u00d3N MATEM\u00c1TICA EN LA TRANSMODERNIDAD.\" width=\"1150\" height=\"647\" src=\"https:\/\/www.youtube.com\/embed\/P1sxKBJ6IKw?feature=oembed\" frameborder=\"0\" allow=\"accelerometer; autoplay; clipboard-write; encrypted-media; gyroscope; picture-in-picture; web-share\" allowfullscreen><\/iframe>\n<\/div><\/figure>\n<\/div>\n\n\n\n<div class=\"wp-block-column is-layout-flow wp-block-column-is-layout-flow\">\n<figure class=\"wp-block-embed is-type-video is-provider-youtube wp-block-embed-youtube wp-embed-aspect-16-9 wp-has-aspect-ratio\"><div class=\"wp-block-embed__wrapper\">\n<iframe title=\"Oferta Acad\u00e9mica Postdoctorados UNEY: COMPLEJIDAD Y DESARROLLO HUMANO EN LA DISCAPACIDAD.\" width=\"1150\" height=\"647\" src=\"https:\/\/www.youtube.com\/embed\/hnmRp2sfawE?feature=oembed\" frameborder=\"0\" allow=\"accelerometer; autoplay; clipboard-write; encrypted-media; gyroscope; picture-in-picture; web-share\" allowfullscreen><\/iframe>\n<\/div><\/figure>\n<\/div>\n<\/div>\n","protected":false},"excerpt":{"rendered":"","protected":false},"author":3,"featured_media":0,"parent":0,"menu_order":0,"comment_status":"closed","ping_status":"closed","template":"","meta":{"footnotes":""},"class_list":["post-7128","page","type-page","status-publish","hentry"],"_links":{"self":[{"href":"https:\/\/www.fundauney.org\/index.php?rest_route=\/wp\/v2\/pages\/7128","targetHints":{"allow":["GET"]}}],"collection":[{"href":"https:\/\/www.fundauney.org\/index.php?rest_route=\/wp\/v2\/pages"}],"about":[{"href":"https:\/\/www.fundauney.org\/index.php?rest_route=\/wp\/v2\/types\/page"}],"author":[{"embeddable":true,"href":"https:\/\/www.fundauney.org\/index.php?rest_route=\/wp\/v2\/users\/3"}],"replies":[{"embeddable":true,"href":"https:\/\/www.fundauney.org\/index.php?rest_route=%2Fwp%2Fv2%2Fcomments&post=7128"}],"version-history":[{"count":5,"href":"https:\/\/www.fundauney.org\/index.php?rest_route=\/wp\/v2\/pages\/7128\/revisions"}],"predecessor-version":[{"id":7302,"href":"https:\/\/www.fundauney.org\/index.php?rest_route=\/wp\/v2\/pages\/7128\/revisions\/7302"}],"wp:attachment":[{"href":"https:\/\/www.fundauney.org\/index.php?rest_route=%2Fwp%2Fv2%2Fmedia&parent=7128"}],"curies":[{"name":"wp","href":"https:\/\/api.w.org\/{rel}","templated":true}]}}